{"id":803,"date":"2025-02-03T03:25:28","date_gmt":"2025-02-03T03:25:28","guid":{"rendered":"https:\/\/igarden-products.com\/product\/mr-jet\/"},"modified":"2025-02-03T03:25:28","modified_gmt":"2025-02-03T03:25:28","slug":"mr-jet","status":"publish","type":"product","link":"https:\/\/igarden-products.com\/de\/produkt\/mr-jet\/","title":{"rendered":"Mr Jet"},"content":{"rendered":"","protected":false},"excerpt":{"rendered":"<p><span class=\"--l --r sentence_highlight\">  Genie\u00dfen Sie die Wellen des Meeres, wann immer Ihnen danach ist.  <\/span><span class=\"--l --r sentence_highlight\">Die superstarke Pool-Gegenstromanlage macht auch aus Ihrem Pool einen Ozean.  <\/span><span class=\"--l sentence_highlight\">Au\u00dferdem k\u00f6nnen Sie ihn nicht nur \u00fcber das Bedienfeld, sondern auch \u00fcber die Fernbedienung steuern.<\/span><\/p>\n<p><span class=\"--l sentence_highlight\">\u2705 Die ideale L\u00f6sung f\u00fcr bestehende Pools.<br \/>\n\u2705 <\/span><span class=\"--l sentence_highlight\"><strong>Leistung bis zu 230 m3\/h<\/strong> f\u00fcr die anspruchsvollsten Schwimmer.<br \/>\n\u2705 <\/span><span class=\"--l sentence_highlight\">Kann den <strong>Effekt von echten Meereswellen<\/strong> nachahmen.<br \/>\n\u2705 <\/span><span class=\"--l sentence_highlight\">Dank der 5 Leistungsmodi k\u00f6nnen Sie <strong>die St\u00e4rke der Str\u00f6mung an<\/strong> Ihre Bed\u00fcrfnisse <strong>anpassen<\/strong>.<br \/>\n\u2705 <\/span><span class=\"--l sentence_highlight\">Sichere 12-V-Stromversorgung.<br \/>\n\u2705 <\/span><span class=\"--l --r sentence_highlight\">Ideal f\u00fcr Pools von 5 \u00d7 3 m und mehr. <\/span> <\/p>\n","protected":false},"featured_media":261,"comment_status":"open","ping_status":"closed","template":"","meta":[],"product_brand":[],"product_cat":[25],"product_tag":[],"class_list":{"0":"post-803","1":"product","2":"type-product","3":"status-publish","4":"has-post-thumbnail","6":"product_cat-uncategorized-de","8":"first","9":"instock","10":"shipping-taxable","11":"purchasable","12":"product-type-simple"},"_links":{"self":[{"href":"https:\/\/igarden-products.com\/de\/wp-json\/wp\/v2\/product\/803","targetHints":{"allow":["GET"]}}],"collection":[{"href":"https:\/\/igarden-products.com\/de\/wp-json\/wp\/v2\/product"}],"about":[{"href":"https:\/\/igarden-products.com\/de\/wp-json\/wp\/v2\/types\/product"}],"replies":[{"embeddable":true,"href":"https:\/\/igarden-products.com\/de\/wp-json\/wp\/v2\/comments?post=803"}],"wp:featuredmedia":[{"embeddable":true,"href":"https:\/\/igarden-products.com\/de\/wp-json\/wp\/v2\/media\/261"}],"wp:attachment":[{"href":"https:\/\/igarden-products.com\/de\/wp-json\/wp\/v2\/media?parent=803"}],"wp:term":[{"taxonomy":"product_brand","embeddable":true,"href":"https:\/\/igarden-products.com\/de\/wp-json\/wp\/v2\/product_brand?post=803"},{"taxonomy":"product_cat","embeddable":true,"href":"https:\/\/igarden-products.com\/de\/wp-json\/wp\/v2\/product_cat?post=803"},{"taxonomy":"product_tag","embeddable":true,"href":"https:\/\/igarden-products.com\/de\/wp-json\/wp\/v2\/product_tag?post=803"}],"curies":[{"name":"wp","href":"https:\/\/api.w.org\/{rel}","templated":true}]}}