{"id":804,"date":"2025-02-03T03:21:17","date_gmt":"2025-02-03T03:21:17","guid":{"rendered":"https:\/\/igarden-products.com\/product\/mr-grass\/"},"modified":"2025-02-03T03:21:17","modified_gmt":"2025-02-03T03:21:17","slug":"mr-grass","status":"publish","type":"product","link":"https:\/\/igarden-products.com\/de\/produkt\/mr-grass\/","title":{"rendered":"Mr Grass"},"content":{"rendered":"","protected":false},"excerpt":{"rendered":"<p><span class=\"--l --r sentence_highlight\">Vergessen Sie das l\u00e4stige M\u00e4hen des Gartens &#8211; der Mr.Grass Roboter-Rasenm\u00e4her nimmt Ihnen alles ab.  <\/span><span class=\"--l --r sentence_highlight\">Au\u00dferdem schneidet er das Gras in millimetergro\u00dfe St\u00fccke und verteilt sie auf dem Rasen.  <\/span><span class=\"--l --r sentence_highlight\">Dadurch wird auch das Mulchen gew\u00e4hrleistet.  <\/span><span class=\"--l sentence_highlight\">Und das alles automatisch, leise und bequem.<\/span><\/p>\n<p><span class=\"--l sentence_highlight\">\u2705 Sie legen Ihre eigenen Termine fest, wann Sie gehen.<br \/>\n\u2705 <\/span><span class=\"--l sentence_highlight\">Spezielle Sensoren sorgen f\u00fcr die Sicherheit.<br \/>\n\u2705 <\/span><span class=\"--l sentence_highlight\"><strong>Sehr leiser Betrieb<\/strong> &#8211; nur 55 dB.<br \/>\n\u2705 <\/span><span class=\"--l sentence_highlight\">Sie k\u00f6nnen ihn mit der mobilen App steuern.<br \/>\n\u2705 <\/span><span class=\"--l sentence_highlight\">Sie k\u00f6nnen das Schnittgut zum Mulchen Ihres Rasens verwenden.<br \/>\n\u2705 <\/span><span class=\"--l --r sentence_highlight\">Dank seines originellen Designs wird er alle Blicke auf sich ziehen. <\/span> <\/p>\n","protected":false},"featured_media":277,"comment_status":"open","ping_status":"closed","template":"","meta":[],"product_brand":[],"product_cat":[25],"product_tag":[],"class_list":{"0":"post-804","1":"product","2":"type-product","3":"status-publish","4":"has-post-thumbnail","6":"product_cat-uncategorized-de","8":"first","9":"instock","10":"shipping-taxable","11":"purchasable","12":"product-type-variable"},"_links":{"self":[{"href":"https:\/\/igarden-products.com\/de\/wp-json\/wp\/v2\/product\/804","targetHints":{"allow":["GET"]}}],"collection":[{"href":"https:\/\/igarden-products.com\/de\/wp-json\/wp\/v2\/product"}],"about":[{"href":"https:\/\/igarden-products.com\/de\/wp-json\/wp\/v2\/types\/product"}],"replies":[{"embeddable":true,"href":"https:\/\/igarden-products.com\/de\/wp-json\/wp\/v2\/comments?post=804"}],"wp:featuredmedia":[{"embeddable":true,"href":"https:\/\/igarden-products.com\/de\/wp-json\/wp\/v2\/media\/277"}],"wp:attachment":[{"href":"https:\/\/igarden-products.com\/de\/wp-json\/wp\/v2\/media?parent=804"}],"wp:term":[{"taxonomy":"product_brand","embeddable":true,"href":"https:\/\/igarden-products.com\/de\/wp-json\/wp\/v2\/product_brand?post=804"},{"taxonomy":"product_cat","embeddable":true,"href":"https:\/\/igarden-products.com\/de\/wp-json\/wp\/v2\/product_cat?post=804"},{"taxonomy":"product_tag","embeddable":true,"href":"https:\/\/igarden-products.com\/de\/wp-json\/wp\/v2\/product_tag?post=804"}],"curies":[{"name":"wp","href":"https:\/\/api.w.org\/{rel}","templated":true}]}}