{"id":807,"date":"2025-02-12T11:21:49","date_gmt":"2025-02-12T11:21:49","guid":{"rendered":"https:\/\/igarden-products.com\/product\/mr-silence-pro\/"},"modified":"2025-02-24T14:13:08","modified_gmt":"2025-02-24T14:13:08","slug":"mr-silence-pro","status":"publish","type":"product","link":"https:\/\/igarden-products.com\/de\/produkt\/mr-silence-pro\/","title":{"rendered":"mr silence pro"},"content":{"rendered":"","protected":false},"excerpt":{"rendered":"<p>Profitieren Sie von einer Kombination aus leisem Betrieb, hoher Effizienz und au\u00dfergew\u00f6hnlicher Wirtschaftlichkeit. Genau das bietet die Mr. Silence Pro W\u00e4rmepumpe. Er arbeitet fast ger\u00e4uschlos und spart Strom.  <\/p>\n<p>\u2705 <strong>COP bis zu 1:16<\/strong> &#8211; bis zu 16 kW Leistung bei einer Eingangsleistung von 1 kW.<br \/>\n\u2705 <strong>Sehr leiser Betrieb<\/strong> &#8211; nur 38,4 dB.<br \/>\n\u2705 Im Vergleich zu einer herk\u00f6mmlichen Pumpe <strong>spart sie bis zu 69% der Kosten<\/strong>.<br \/>\n\u2705 <strong>Umweltfreundliche L\u00f6sung<\/strong> &#8211; verwendet umweltfreundliches R32-Gas.<br \/>\n\u2705 Sie k\u00f6nnen sie mit einer mobilen App steuern.<br \/>\n\u2705 Funktioniert bei Temperaturen von -15 \u00b0C bis +40 \u00b0C.<\/p>\n","protected":false},"featured_media":233,"comment_status":"open","ping_status":"closed","template":"","meta":[],"product_brand":[],"product_cat":[25],"product_tag":[],"class_list":{"0":"post-807","1":"product","2":"type-product","3":"status-publish","4":"has-post-thumbnail","6":"product_cat-uncategorized-de","7":"product_shipping_class-austria_class","9":"first","10":"instock","11":"shipping-taxable","12":"purchasable","13":"product-type-variable"},"_links":{"self":[{"href":"https:\/\/igarden-products.com\/de\/wp-json\/wp\/v2\/product\/807","targetHints":{"allow":["GET"]}}],"collection":[{"href":"https:\/\/igarden-products.com\/de\/wp-json\/wp\/v2\/product"}],"about":[{"href":"https:\/\/igarden-products.com\/de\/wp-json\/wp\/v2\/types\/product"}],"replies":[{"embeddable":true,"href":"https:\/\/igarden-products.com\/de\/wp-json\/wp\/v2\/comments?post=807"}],"wp:featuredmedia":[{"embeddable":true,"href":"https:\/\/igarden-products.com\/de\/wp-json\/wp\/v2\/media\/233"}],"wp:attachment":[{"href":"https:\/\/igarden-products.com\/de\/wp-json\/wp\/v2\/media?parent=807"}],"wp:term":[{"taxonomy":"product_brand","embeddable":true,"href":"https:\/\/igarden-products.com\/de\/wp-json\/wp\/v2\/product_brand?post=807"},{"taxonomy":"product_cat","embeddable":true,"href":"https:\/\/igarden-products.com\/de\/wp-json\/wp\/v2\/product_cat?post=807"},{"taxonomy":"product_tag","embeddable":true,"href":"https:\/\/igarden-products.com\/de\/wp-json\/wp\/v2\/product_tag?post=807"}],"curies":[{"name":"wp","href":"https:\/\/api.w.org\/{rel}","templated":true}]}}